{"id":251,"date":"2024-11-11T08:23:22","date_gmt":"2024-11-11T07:23:22","guid":{"rendered":"https:\/\/bondsign.com\/?page_id=251"},"modified":"2025-11-17T11:42:26","modified_gmt":"2025-11-17T10:42:26","slug":"material-electrico","status":"publish","type":"page","link":"https:\/\/bondsign.com\/zh\/material-electrico\/","title":{"rendered":"\u7535\u6c14\u6750\u6599"},"content":{"rendered":"<div style=\"height:100px\" aria-hidden=\"true\" class=\"wp-block-spacer\"><\/div>\n\n\n\n<div class=\"wp-block-group alignfull has-base-2-background-color has-background has-global-padding is-layout-constrained wp-container-core-group-is-layout-d89aad35 wp-block-group-is-layout-constrained\" style=\"margin-top:0;margin-bottom:0;padding-top:var(--wp--preset--spacing--50);padding-right:var(--wp--preset--spacing--50);padding-bottom:var(--wp--preset--spacing--50);padding-left:var(--wp--preset--spacing--50)\">\n<div class=\"wp-block-columns alignwide is-layout-flex wp-container-core-columns-is-layout-1da03c2a wp-block-columns-is-layout-flex\">\n<div class=\"wp-block-column is-vertically-aligned-center is-layout-flow wp-block-column-is-layout-flow\" style=\"flex-basis:60%\">\n<figure class=\"wp-block-gallery has-nested-images columns-default is-cropped wp-block-gallery-2 is-layout-flex wp-block-gallery-is-layout-flex\">\n<figure class=\"wp-block-image size-full is-style-rounded wp-duotone-duotone-1 is-style-rounded--1\"><img loading=\"lazy\" decoding=\"async\" width=\"2038\" height=\"1210\" data-id=\"626\" src=\"https:\/\/bondsign.com\/wp-content\/uploads\/2025\/11\/band-sign-material-electrico-1.jpg\" alt=\"\" class=\"wp-image-626\" style=\"aspect-ratio:4\/3;object-fit:cover\" srcset=\"https:\/\/bondsign.com\/wp-content\/uploads\/2025\/11\/band-sign-material-electrico-1.jpg 2038w, https:\/\/bondsign.com\/wp-content\/uploads\/2025\/11\/band-sign-material-electrico-1-300x178.jpg 300w, https:\/\/bondsign.com\/wp-content\/uploads\/2025\/11\/band-sign-material-electrico-1-1024x608.jpg 1024w, https:\/\/bondsign.com\/wp-content\/uploads\/2025\/11\/band-sign-material-electrico-1-768x456.jpg 768w, https:\/\/bondsign.com\/wp-content\/uploads\/2025\/11\/band-sign-material-electrico-1-1536x912.jpg 1536w, https:\/\/bondsign.com\/wp-content\/uploads\/2025\/11\/band-sign-material-electrico-1-18x12.jpg 18w\" sizes=\"auto, (max-width: 2038px) 100vw, 2038px\" \/><\/figure>\n<\/figure>\n<\/div>\n\n\n\n<div class=\"wp-block-column is-layout-flow wp-block-column-is-layout-flow\" style=\"flex-basis:40%\">\n<h2 class=\"wp-block-heading\">\u7535\u6c14\u6750\u6599<\/h2>\n\n\n\n<p>Material el\u00e9ctrico de 12 voltios para la industria de la iluminaci\u00f3n tanto de letras como bandejas, banderolas y r\u00f3tulos frontales:<\/p>\n\n\n\n<p>Leds: Leds 12v IP67<\/p>\n<\/div>\n<\/div>\n<\/div>","protected":false},"excerpt":{"rendered":"<p>Material El\u00e9ctrico Material el\u00e9ctrico de 12 voltios para la industria de la iluminaci\u00f3n tanto de letras como bandejas, banderolas y r\u00f3tulos frontales: Leds: Leds 12v IP67<\/p>","protected":false},"author":1,"featured_media":0,"parent":0,"menu_order":0,"comment_status":"closed","ping_status":"closed","template":"page-no-title","meta":{"footnotes":""},"class_list":["post-251","page","type-page","status-publish","hentry"],"_links":{"self":[{"href":"https:\/\/bondsign.com\/zh\/wp-json\/wp\/v2\/pages\/251","targetHints":{"allow":["GET"]}}],"collection":[{"href":"https:\/\/bondsign.com\/zh\/wp-json\/wp\/v2\/pages"}],"about":[{"href":"https:\/\/bondsign.com\/zh\/wp-json\/wp\/v2\/types\/page"}],"author":[{"embeddable":true,"href":"https:\/\/bondsign.com\/zh\/wp-json\/wp\/v2\/users\/1"}],"replies":[{"embeddable":true,"href":"https:\/\/bondsign.com\/zh\/wp-json\/wp\/v2\/comments?post=251"}],"version-history":[{"count":16,"href":"https:\/\/bondsign.com\/zh\/wp-json\/wp\/v2\/pages\/251\/revisions"}],"predecessor-version":[{"id":627,"href":"https:\/\/bondsign.com\/zh\/wp-json\/wp\/v2\/pages\/251\/revisions\/627"}],"wp:attachment":[{"href":"https:\/\/bondsign.com\/zh\/wp-json\/wp\/v2\/media?parent=251"}],"curies":[{"name":"wp","href":"https:\/\/api.w.org\/{rel}","templated":true}]}}