{"id":247,"date":"2024-11-11T08:21:34","date_gmt":"2024-11-11T07:21:34","guid":{"rendered":"https:\/\/bondsign.com\/?page_id=247"},"modified":"2025-11-17T11:46:26","modified_gmt":"2025-11-17T10:46:26","slug":"metacrilato","status":"publish","type":"page","link":"https:\/\/bondsign.com\/zh\/metacrilato\/","title":{"rendered":"\u6709\u673a\u73bb\u7483"},"content":{"rendered":"<div style=\"height:97px\" aria-hidden=\"true\" class=\"wp-block-spacer\"><\/div>\n\n\n\n<div class=\"wp-block-group alignfull has-base-2-background-color has-background has-global-padding is-layout-constrained wp-container-core-group-is-layout-d89aad35 wp-block-group-is-layout-constrained\" style=\"margin-top:0;margin-bottom:0;padding-top:var(--wp--preset--spacing--50);padding-right:var(--wp--preset--spacing--50);padding-bottom:var(--wp--preset--spacing--50);padding-left:var(--wp--preset--spacing--50)\">\n<div class=\"wp-block-columns alignwide is-layout-flex wp-container-core-columns-is-layout-1da03c2a wp-block-columns-is-layout-flex\">\n<div class=\"wp-block-column is-vertically-aligned-center is-layout-flow wp-block-column-is-layout-flow\" style=\"flex-basis:60%\">\n<figure class=\"wp-block-image size-full is-resized is-style-rounded wp-duotone-unset-2 is-style-rounded--1\"><img loading=\"lazy\" decoding=\"async\" width=\"1024\" height=\"683\" src=\"https:\/\/bondsign.com\/wp-content\/uploads\/2025\/11\/bondsign-pmma.jpg\" alt=\"\" class=\"wp-image-630\" style=\"aspect-ratio:1.3333333333333333;object-fit:cover;width:681px;height:auto\" srcset=\"https:\/\/bondsign.com\/wp-content\/uploads\/2025\/11\/bondsign-pmma.jpg 1024w, https:\/\/bondsign.com\/wp-content\/uploads\/2025\/11\/bondsign-pmma-300x200.jpg 300w, https:\/\/bondsign.com\/wp-content\/uploads\/2025\/11\/bondsign-pmma-768x512.jpg 768w, https:\/\/bondsign.com\/wp-content\/uploads\/2025\/11\/bondsign-pmma-18x12.jpg 18w\" sizes=\"auto, (max-width: 1024px) 100vw, 1024px\" \/><\/figure>\n<\/div>\n\n\n\n<div class=\"wp-block-column is-layout-flow wp-block-column-is-layout-flow\" style=\"flex-basis:40%\">\n<h2 class=\"wp-block-heading\">Metacrilato PMMA <\/h2>\n\n\n\n<p>Dos tipos de fabricaci\u00f3n, misma durabilidad, y ligeras diferencias.&nbsp;<\/p>\n\n\n\n<p><strong>Opal Cast\/ colada:<\/strong> Es un metacrilato que se fabrica con metacrilato fundido que se vierte sobre unos moldes:<\/p>\n\n\n\n<h3 class=\"wp-block-heading has-large-font-size\"><strong>Ventajas:<\/strong><\/h3>\n\n\n\n<p>Mas el\u00e1sticas&nbsp;<\/p>\n\n\n\n<p>Fresado m\u00e1s f\u00e1cil<\/p>\n\n\n\n<p>F\u00e1cil pegado&nbsp;<\/p>\n\n\n\n<p>Al calentarse se curva menos (Es mas estable)<\/p>\n\n\n\n<h3 class=\"wp-block-heading has-large-font-size\"><strong>Desventajas<\/strong><\/h3>\n\n\n\n<p>Peor calibre (Para hacer trabajos que encajan unas piezas con otras no es confiable.)<\/p>\n\n\n\n<p><strong>Transparente\/Extrusi\u00f3n: <\/strong>Se fabrica extruyendo una masa de metacrilato caliente en estado moldeable a trav\u00e9s de unos rodillos.&nbsp;<\/p>\n\n\n\n<h3 class=\"wp-block-heading has-large-font-size\"><strong>Ventajas<\/strong><\/h3>\n\n\n\n<p>El metacrilato de extrusi\u00f3n es ligeramente m\u00e1s econ\u00f3mico de producir<\/p>\n\n\n\n<p>La calibraci\u00f3n \/ grosor es muy constante y estable en una misma plancha.&nbsp;<\/p>\n\n\n\n<h3 class=\"wp-block-heading has-large-font-size\"><strong>Desventajas<\/strong><\/h3>\n\n\n\n<p>Cuesta mas pegarlo<\/p>\n\n\n\n<p>Se puede agrietar un poco si aplicamos alcoholes al canto despu\u00e9s de cortar con laser.<\/p>\n<\/div>\n<\/div>\n<\/div>","protected":false},"excerpt":{"rendered":"<p>Metacrilato PMMA Dos tipos de fabricaci\u00f3n, misma durabilidad, y ligeras diferencias.&nbsp; Opal Cast\/ colada: Es un metacrilato que se fabrica con metacrilato fundido que se vierte sobre unos moldes: Ventajas: Mas el\u00e1sticas&nbsp; Fresado m\u00e1s f\u00e1cil F\u00e1cil pegado&nbsp; Al calentarse se curva menos (Es mas estable) Desventajas Peor calibre (Para hacer trabajos que encajan unas piezas [&hellip;]<\/p>","protected":false},"author":1,"featured_media":0,"parent":0,"menu_order":0,"comment_status":"closed","ping_status":"closed","template":"page-no-title","meta":{"footnotes":""},"class_list":["post-247","page","type-page","status-publish","hentry"],"_links":{"self":[{"href":"https:\/\/bondsign.com\/zh\/wp-json\/wp\/v2\/pages\/247","targetHints":{"allow":["GET"]}}],"collection":[{"href":"https:\/\/bondsign.com\/zh\/wp-json\/wp\/v2\/pages"}],"about":[{"href":"https:\/\/bondsign.com\/zh\/wp-json\/wp\/v2\/types\/page"}],"author":[{"embeddable":true,"href":"https:\/\/bondsign.com\/zh\/wp-json\/wp\/v2\/users\/1"}],"replies":[{"embeddable":true,"href":"https:\/\/bondsign.com\/zh\/wp-json\/wp\/v2\/comments?post=247"}],"version-history":[{"count":12,"href":"https:\/\/bondsign.com\/zh\/wp-json\/wp\/v2\/pages\/247\/revisions"}],"predecessor-version":[{"id":631,"href":"https:\/\/bondsign.com\/zh\/wp-json\/wp\/v2\/pages\/247\/revisions\/631"}],"wp:attachment":[{"href":"https:\/\/bondsign.com\/zh\/wp-json\/wp\/v2\/media?parent=247"}],"curies":[{"name":"wp","href":"https:\/\/api.w.org\/{rel}","templated":true}]}}